{"id":39,"date":"2017-08-04T12:49:02","date_gmt":"2017-08-04T12:49:02","guid":{"rendered":"http:\/\/francescroig.com\/?page_id=39"},"modified":"2024-03-24T11:16:04","modified_gmt":"2024-03-24T11:16:04","slug":"about","status":"publish","type":"page","link":"https:\/\/francescroig.com\/?page_id=39","title":{"rendered":"About"},"content":{"rendered":"\n<div class=\"wp-block-group\"><div class=\"wp-block-group__inner-container is-layout-flow wp-block-group-is-layout-flow\">\n<div class=\"wp-block-columns is-layout-flex wp-container-core-columns-is-layout-1 wp-block-columns-is-layout-flex\">\n<div class=\"wp-block-column is-layout-flow wp-block-column-is-layout-flow\" style=\"flex-basis:100%\">\n<div class=\"wp-block-group ticss-9bb57a5c\"><div class=\"wp-block-group__inner-container is-layout-flow wp-block-group-is-layout-flow\">\n<div class=\"wp-block-group\"><div class=\"wp-block-group__inner-container is-layout-flow wp-block-group-is-layout-flow\"><\/div><\/div>\n\n\n\n<p><img loading=\"lazy\" decoding=\"async\" class=\"wp-image-4437  alignright\" src=\"https:\/\/francescroig.com\/wp-content\/uploads\/2023\/01\/02-Francesc-Roig-Portraits_web.jpg\" alt=\"\" width=\"357\" height=\"536\" srcset=\"https:\/\/francescroig.com\/wp-content\/uploads\/2023\/01\/02-Francesc-Roig-Portraits_web.jpg 500w, https:\/\/francescroig.com\/wp-content\/uploads\/2023\/01\/02-Francesc-Roig-Portraits_web-200x300.jpg 200w\" sizes=\"(max-width: 357px) 100vw, 357px\" \/><\/p>\n\n\n\n<p><a href=\"mailto:francesc@francescroig.com\" data-type=\"mailto\" data-id=\"mailto:francesc@francescroig.com\" target=\"_blank\" rel=\"noreferrer noopener\">FRANCESC@FRANCESCROIG.COM<\/a><\/p>\n\n\n\n<p><a rel=\"noreferrer noopener\" href=\"https:\/\/www.instagram.com\/francescroig_\/\" target=\"_blank\">INSTAGRAM<\/a><\/p>\n\n\n\n<p><a rel=\"noreferrer noopener\" href=\"https:\/\/www.linkedin.com\/in\/francescroig\/\" target=\"_blank\">LINKEDIN<\/a><\/p>\n<\/div><\/div>\n<\/div>\n<\/div>\n\n\n\n<p class=\"has-text-align-right\">Photo: <a href=\"http:\/\/davidzarzoso.com\/\" data-type=\"URL\" data-id=\"http:\/\/davidzarzoso.com\/\" target=\"_blank\" rel=\"noreferrer noopener\">David Zarzoso<\/a><\/p>\n\n\n\n<p>[vc_row][vc_column][vc_single_image image=\u00bb2136&#8243; img_size=\u00bbfull\u00bb alignment=\u00bbcenter\u00bb onclick=\u00bblink_image\u00bb][vc_empty_space height=\u00bb70px\u00bb][vc_column_text font_size=\u00bbpara-18&#8243; font_weight=\u00bb300&#8243;]<\/p>\n\n\n\n<div class=\"wp-block-columns is-layout-flex wp-container-core-columns-is-layout-2 wp-block-columns-is-layout-flex\">\n<div class=\"wp-block-column is-layout-flow wp-block-column-is-layout-flow\" style=\"flex-basis:50%\">\n<h2><strong>Hi<\/strong><\/h2>\n<p>My name is Francesc Roig, and\u00a0I\u00b4m an illustrator and designer.<\/p>\n<p>I live in the city of Valencia (Spain), and I work creating illustrations and graphic content for magazines, newspapers, books, communication, and design projects.<\/p>\n<p>\u00a0<\/p>\n<\/div>\n\n\n\n<div class=\"wp-block-column is-layout-flow wp-block-column-is-layout-flow\" style=\"flex-basis:50%\">\n<h2 style=\"text-align: left;\"><strong>Hola<\/strong><\/h2>\n<p>Soy Francesc Roig, ilustrador y dise\u00f1ador.<\/p>\n<p>Vivo en la ciudad de Valencia (Espa\u00f1a) y\u00a0trabajo en la creaci\u00f3n de ilustraciones y contenido gr\u00e1fico para revistas, peri\u00f3dicos, libros, proyectos de comunicaci\u00f3n y de dise\u00f1o.<\/p>\n<p>\u00a0<\/p>\n\n\n\n<p><\/p>\n<\/div>\n<\/div>\n\n\n\n<p style=\"text-align: left;\">[vc_row][vc_column][vc_single_image image=\u00bb2136&#8243; img_size=\u00bbfull\u00bb alignment=\u00bbcenter\u00bb onclick=\u00bblink_image\u00bb][vc_empty_space height=\u00bb70px\u00bb][vc_column_text font_size=\u00bbpara-18&#8243; font_weight=\u00bb300&#8243;]<\/p>\n<div>\n<p style=\"text-align: center;\"><span data-preserver-spaces=\"true\">Please find below some of my&nbsp;<\/span>clients &amp; partners.<\/p>\n<p style=\"text-align: center;\">A continuaci\u00f3n, algunos de mis clientes y socios.<\/p>\n<p style=\"text-align: center;\">\n<\/p><\/div>\n<p style=\"text-align: left;\"><\/p>\n\n\n\n<figure class=\"wp-block-image size-large is-style-default ticss-124f97b6\"><img loading=\"lazy\" decoding=\"async\" width=\"1024\" height=\"537\" src=\"https:\/\/francescroig.com\/wp-content\/uploads\/2023\/01\/CLIENTSWEB_ok9-1024x537.jpg\" alt=\"\" class=\"wp-image-4384\" srcset=\"https:\/\/francescroig.com\/wp-content\/uploads\/2023\/01\/CLIENTSWEB_ok9-1024x537.jpg 1024w, https:\/\/francescroig.com\/wp-content\/uploads\/2023\/01\/CLIENTSWEB_ok9-300x157.jpg 300w, https:\/\/francescroig.com\/wp-content\/uploads\/2023\/01\/CLIENTSWEB_ok9-768x402.jpg 768w, https:\/\/francescroig.com\/wp-content\/uploads\/2023\/01\/CLIENTSWEB_ok9-1536x805.jpg 1536w, https:\/\/francescroig.com\/wp-content\/uploads\/2023\/01\/CLIENTSWEB_ok9-2048x1073.jpg 2048w\" sizes=\"(max-width: 1024px) 100vw, 1024px\" \/><\/figure>\n\n\n\n<p style=\"text-align: left;\">[vc_row][vc_column][vc_single_image image=\u00bb2136&#8243; img_size=\u00bbfull\u00bb alignment=\u00bbcenter\u00bb onclick=\u00bblink_image\u00bb][vc_empty_space height=\u00bb70px\u00bb][vc_column_text font_size=\u00bbpara-18&#8243; font_weight=\u00bb300&#8243;]<\/p>\n<div>\n<p style=\"text-align: center;\">I also have professional experience in different areas of design.<\/p>\n<p style=\"text-align: center;\"><span style=\"font-size: inherit;\">Tambi\u00e9n tengo experiencia profesional en diferentes \u00e1reas del dise\u00f1o.<\/span><\/p>\n<\/div>\n<p style=\"text-align: left;\"><\/p>\n\n\n\n<div class=\"wp-block-group\"><div class=\"wp-block-group__inner-container is-layout-flow wp-block-group-is-layout-flow\"><\/div><\/div>\n\n\n\n<div style=\"height:50px\" aria-hidden=\"true\" class=\"wp-block-spacer\"><\/div>\n\n\n\n<p>\u00a0<\/p>\n<p style=\"text-align: center;\"><strong>SURFACE<\/strong> DESIGN \u00a0| \u00a0<strong>PRODUCT<\/strong> DESIGN \u00a0| \u00a0<strong>GRAPHIC<\/strong> DESIGN &amp; <strong>COMMUNICATION<\/strong>\u00a0 | \u00a0PROJECT<strong>\u00a0MANAGEMENT<\/strong>\u00a0<\/p>\n<p>\u00a0<\/p>\n\n\n\n<div style=\"height:50px\" aria-hidden=\"true\" class=\"wp-block-spacer\"><\/div>\n\n\n\n<div class=\"wp-block-group ticss-a12547ac\"><div class=\"wp-block-group__inner-container is-layout-flow wp-block-group-is-layout-flow\">\n<div>\n<p style=\"text-align: center;\">\n<\/p><\/div>\n<p style=\"text-align: left;\"><img loading=\"lazy\" decoding=\"async\" class=\"alignnone wp-image-3688 \" src=\"https:\/\/francescroig.com\/wp-content\/uploads\/2021\/02\/VALUABLE-WORK-EXPERIENCE-13-1024x293.jpg\" alt=\"\" width=\"1143\" height=\"327\" srcset=\"https:\/\/francescroig.com\/wp-content\/uploads\/2021\/02\/VALUABLE-WORK-EXPERIENCE-13-1024x293.jpg 1024w, https:\/\/francescroig.com\/wp-content\/uploads\/2021\/02\/VALUABLE-WORK-EXPERIENCE-13-300x86.jpg 300w, https:\/\/francescroig.com\/wp-content\/uploads\/2021\/02\/VALUABLE-WORK-EXPERIENCE-13-768x220.jpg 768w, https:\/\/francescroig.com\/wp-content\/uploads\/2021\/02\/VALUABLE-WORK-EXPERIENCE-13-1536x440.jpg 1536w, https:\/\/francescroig.com\/wp-content\/uploads\/2021\/02\/VALUABLE-WORK-EXPERIENCE-13-2048x587.jpg 2048w\" sizes=\"(max-width: 1143px) 100vw, 1143px\" \/><\/p>\n<\/div><\/div>\n\n\n\n<div style=\"height:25px\" aria-hidden=\"true\" class=\"wp-block-spacer\"><\/div>\n\n\n\n<p>Left to right top to bottom order \/ de izquierda a derecha y de arriba abajo: Ceramic relief designed for Vives Ceramics \u2013 New ceramic materials designed in Torrecid S.A \u2013 Fulls bookshelf \u2013 Meridian lamp designed in Conca y Marzal studio \u2013 South Africa Torrecid design team \u2013 Branding for Transportes Mediterr\u00e1neo \u2013 Artisan in Bamako city \u2013 Elephant tusk designed with natural fibers for Free Design Bank.<\/p>\n\n\n\n<div style=\"height:52px\" aria-hidden=\"true\" class=\"wp-block-spacer\"><\/div>\n\n\n\n<div class=\"wp-block-columns is-layout-flex wp-container-core-columns-is-layout-3 wp-block-columns-is-layout-flex\">\n<div class=\"wp-block-column is-layout-flow wp-block-column-is-layout-flow\">\n<p>To know more about my professional career, click <a rel=\"noreferrer noopener\" href=\"https:\/\/www.linkedin.com\/in\/francescroig\/?locale=en_US\" data-type=\"URL\" data-id=\"https:\/\/www.linkedin.com\/in\/francescroig\/?locale=en_US\" target=\"_blank\">HERE<\/a>.<\/p>\n<\/div>\n\n\n\n<div class=\"wp-block-column is-layout-flow wp-block-column-is-layout-flow\">\n<p>Para conocer m\u00e1s sobre mi trayectoria profesional, <a rel=\"noreferrer noopener\" href=\"https:\/\/www.linkedin.com\/in\/francescroig\/\" data-type=\"URL\" data-id=\"https:\/\/www.linkedin.com\/in\/francescroig\/\" target=\"_blank\">AQU\u00cd<\/a>.<\/p>\n<\/div>\n<\/div>\n\n\n\n<div style=\"height:20px\" aria-hidden=\"true\" class=\"wp-block-spacer\"><\/div>\n\n\n\n<p>[\/vc_column_text][\/vc_column][\/vc_row][vc_row][vc_column][vc_empty_space height=\u00bb64px\u00bb][\/vc_column][vc_column][vc_column_text font_size=\u00bbpara-18&#8243; font_weight=\u00bb300&#8243;]<\/p>\n<p><strong>Exhibitions \/ Exposiciones<\/strong><\/p>\n<p>\u2013Sal\u00f3 dels rebutjats.&nbsp;57.\u00aa Fira del Llibre de Val\u00e8ncia. APIV. \/ Illustration. Valencia. April 2022.<\/p>\n<p>\u2013Si \u00e9s que hi ha cases d\u00b4alg\u00fa. 56.\u00aa Fira del Llibre de Val\u00e8ncia. APIV. \/ Illustration. Valencia. October 2021.<\/p>\n<p>\u2013VERD! Il\u00b7lustracions per la revolta mediambiental. Jard\u00ed Bot\u00e0nic de la UV. \/ Illustration. Valencia. March 2021.<\/p>\n<p>\u201360 I\u00b7lustradors JIA!&nbsp;IV Edici\u00f3. Casa de la Cultura&nbsp;d\u00b4Alzira. \/ Illustration. Alzira (Valencia). September 2020.<\/p>\n<p>\u2013Babalunga i Kamolongos&nbsp;2019. Festival Baba Kamo. CCCC \/ Illustration. Valencia. December 2019.<\/p>\n<p>\u2013Paraulapoder. Poetas del mont\u00f3n. CCCC \/ Illustration. Valencia. September 2019.<\/p>\n<p>\u2013Nosaltres tamb\u00e9.&nbsp;54.\u00aa Fira del Llibre de Val\u00e8ncia. APIV. \/ Illustration. Valencia. May 2019.<\/p>\n<p>\u2013Valencia se Ilustra. La Rambleta. \/ Illustration. Valencia. May 2019.<\/p>\n<p>\u2013Mordassa. A\u00e7\u00f2 no va de gats .&nbsp;53\u00aa Fira del Llibre de Val\u00e8ncia. APIV. \/ Illustration. Valencia. May 2018.<\/p>\n<p>\u2013Artistas con D.O. XIII Noche del vino DOP Valencia. Palau de les Arts Reina Sof\u00eda. \/ Painting. Valencia. June, 2017.<\/p>\n<p>\u2013Poes\u00eda ilustrada para Versonalidad. Distrito 008 Fest. Espai Llimera. \/ Illustrated poetry. Valencia. April 2017.<\/p>\n<p>\u2013 From Valencia with Design. &nbsp;Las Naves \/ International Awarded Designs. Valencia. May 2013.<\/p>\n<p>\u2013Este dise\u00f1o me suena. Espai Rambleta \/ Graphic Design. Valencia. September 2012.<\/p>\n<p>\u2013El f\u00fatbol (tambi\u00e9n) es as\u00ed. MuVIM. \/ Product design. In collaboration with Conca y Marzal. Valencia. June 2012.<\/p>\n<p>\u2013Flash Nude. Feria H\u00e1bitat Valencia. Africalink projects \/ Product photography. Valencia. September 2011.<\/p>\n<p>\u2013Pecha Kucha Vol.9. Sporting Club Ruzafa. Africalink projects &#8211; Free Design Bank \/ Speach. Valencia. March 2011.<\/p>\n<p>\u2013LeNS Conference. Free Design Bank. www.freedesignbank.org Project. \/ Graphic. Bangalore. November 2010.<\/p>\n<p>\u2013Hat Gallery. African Design Link \/ Product design. Valencia. October 2010.<\/p>\n<p>\u2013Hat Gallery. Silla libre. Sawa Project \/ Product design. Valencia. September 2010.<\/p>\n<p>\u2013Nude 2009. Feria H\u00e1bitat Valencia. Africa Link Projects \/ Product design. Valencia. September 2009.<\/p>\n<p><\/p>\n<p>[\/vc_column_text][\/vc_column][\/vc_row]<\/p>\n<p><\/p>\n\n\n\n<div class=\"wp-block-columns is-layout-flex wp-container-core-columns-is-layout-5 wp-block-columns-is-layout-flex\">\n<div class=\"wp-block-column is-layout-flow wp-block-column-is-layout-flow\" style=\"flex-basis:100%\">\n<div class=\"wp-block-columns is-layout-flex wp-container-core-columns-is-layout-4 wp-block-columns-is-layout-flex\">\n<div class=\"wp-block-column is-layout-flow wp-block-column-is-layout-flow\"><\/div>\n\n\n\n<div class=\"wp-block-column is-layout-flow wp-block-column-is-layout-flow\"><\/div>\n<\/div>\n<\/div>\n<\/div>\n\n\n\n<div class=\"wp-block-columns is-layout-flex wp-container-core-columns-is-layout-6 wp-block-columns-is-layout-flex\">\n<div class=\"wp-block-column is-layout-flow wp-block-column-is-layout-flow\" style=\"flex-basis:100%\"><\/div>\n<\/div>\n\n\n<div class=\"wp-block-image\">\n<figure class=\"alignright size-large is-resized\"><a href=\"http:\/\/www.apiv.com\"><img loading=\"lazy\" decoding=\"async\" src=\"https:\/\/francescroig.com\/wp-content\/uploads\/2020\/11\/logo-apiv_Francesc_Roig_web.png\" alt=\"\" class=\"wp-image-2745\" width=\"294\" height=\"51\" srcset=\"https:\/\/francescroig.com\/wp-content\/uploads\/2020\/11\/logo-apiv_Francesc_Roig_web.png 431w, https:\/\/francescroig.com\/wp-content\/uploads\/2020\/11\/logo-apiv_Francesc_Roig_web-300x52.png 300w\" sizes=\"(max-width: 294px) 100vw, 294px\" \/><\/a><\/figure><\/div>\n\n\n<figure class=\"wp-block-image size-large is-style-default\"><img decoding=\"async\" src=\"blob:https:\/\/francescroig.com\/9aab03f5-3ce6-4c5a-a943-084af38a7205\" alt=\"\"\/><\/figure>\n<\/div><\/div>\n\n\n\n<p><\/p>\n\n\n\n<p class=\"has-text-align-right\"><\/p>\n","protected":false},"excerpt":{"rendered":"<p>FRANCESC@FRANCESCROIG.COM INSTAGRAM LINKEDIN Photo: David Zarzoso [vc_row][vc_column][vc_single_image image=\u00bb2136&#8243; img_size=\u00bbfull\u00bb alignment=\u00bbcenter\u00bb onclick=\u00bblink_image\u00bb][vc_empty_space height=\u00bb70px\u00bb][vc_column_text font_size=\u00bbpara-18&#8243; font_weight=\u00bb300&#8243;] Hi My name is Francesc Roig, and\u00a0I\u00b4m an illustrator and designer. I live in the city of Valencia (Spain), and I work creating illustrations and graphic content for magazines, newspapers, books, communication, and design projects. \u00a0 Hola Soy Francesc Roig, ilustrador [&hellip;]<\/p>\n","protected":false},"author":1,"featured_media":0,"parent":0,"menu_order":0,"comment_status":"closed","ping_status":"closed","template":"","meta":{"footnotes":""},"_links":{"self":[{"href":"https:\/\/francescroig.com\/index.php?rest_route=\/wp\/v2\/pages\/39"}],"collection":[{"href":"https:\/\/francescroig.com\/index.php?rest_route=\/wp\/v2\/pages"}],"about":[{"href":"https:\/\/francescroig.com\/index.php?rest_route=\/wp\/v2\/types\/page"}],"author":[{"embeddable":true,"href":"https:\/\/francescroig.com\/index.php?rest_route=\/wp\/v2\/users\/1"}],"replies":[{"embeddable":true,"href":"https:\/\/francescroig.com\/index.php?rest_route=%2Fwp%2Fv2%2Fcomments&post=39"}],"version-history":[{"count":497,"href":"https:\/\/francescroig.com\/index.php?rest_route=\/wp\/v2\/pages\/39\/revisions"}],"predecessor-version":[{"id":4555,"href":"https:\/\/francescroig.com\/index.php?rest_route=\/wp\/v2\/pages\/39\/revisions\/4555"}],"wp:attachment":[{"href":"https:\/\/francescroig.com\/index.php?rest_route=%2Fwp%2Fv2%2Fmedia&parent=39"}],"curies":[{"name":"wp","href":"https:\/\/api.w.org\/{rel}","templated":true}]}}